{"id":57,"date":"2024-03-29T02:48:07","date_gmt":"2024-03-29T02:48:07","guid":{"rendered":"https:\/\/www.morningstar-net.com\/?page_id=57"},"modified":"2024-03-29T02:48:07","modified_gmt":"2024-03-29T02:48:07","slug":"datenschutzerklarung","status":"publish","type":"page","link":"https:\/\/www.morningstar-net.com\/?page_id=57&lang=de","title":{"rendered":"DATENSCHUTZERKL\u00c4RUNG"},"content":{"rendered":"\n<p>Morningstar LLC (im Folgenden als &#8220;unser Unternehmen&#8221; bezeichnet) ist ein Dienst, der auf dieser Website bereitgestellt wird (im Folgenden als &#8220;dieser Service&#8221; bezeichnet) In Bezug auf den Umgang mit den personenbezogenen Daten des Benutzers die folgende Datenschutzrichtlinie (im Folgenden als &#8220;diese Richtlinie&#8221; bezeichnet) Ich werde es einstellen.<\/p>\n\n\n\n<h2 class=\"wp-block-heading\"><strong>Artikel 1 (Pers\u00f6nliche Informationen)<\/strong><\/h2>\n\n\n\n<p>&#8220;Pers\u00f6nliche Daten&#8221; bezieht sich auf &#8220;pers\u00f6nliche Daten&#8221;, auf die sich im Gesetz zum Schutz personenbezogener Daten bezieht, und sind Informationen \u00fcber eine lebende Person und k\u00f6nnen eine bestimmte Person anhand von Namen, Geburtsdatum, Adresse, Telefonnummer, Kontaktinformationen und anderen Beschreibungen identifizieren, die in den Informationen enthalten sind. Es bezieht sich auf Informationen (pers\u00f6nliche Identifikationsinformationen), die eine bestimmte Person allein anhand der Informationen identifizieren k\u00f6nnen, wie Informationen und Aussehen, Fingerabdr\u00fccke, Sprachdaten und die Versicherungsnummer der Krankenversicherungskarte.<\/p>\n\n\n\n<h2 class=\"wp-block-heading\"><strong>Artikel 2 (Wie man pers\u00f6nliche Informationen sammelt)<\/strong><\/h2>\n\n\n\n<p>Wenn sich Benutzer f\u00fcr die Nutzung registrieren, k\u00f6nnen wir nach pers\u00f6nlichen Informationen wie Name, Geburtsdatum, Adresse, Telefonnummer, E-Mail-Adresse, Bankkontonummer, Kreditkartennummer, F\u00fchrerscheinnummer usw. fragen. Dar\u00fcber hinaus Informationen \u00fcber Transaktionsaufzeichnungen und Zahlungen, einschlie\u00dflich personenbezogener Daten von Benutzern zwischen Benutzern und Partnern usw., einschlie\u00dflich unserer Partner (Informationsanbieter, Werbetreibende, Werbeh\u00e4ndler usw.). Das Folgende wird als &#8220;Partner&#8221; bezeichnet.) Es kann von usw. gesammelt werden.<\/p>\n\n\n\n<h2 class=\"wp-block-heading\"><strong>Artikel 3 (Zweck der Erhebung und Verwendung personenbezogener Daten)<\/strong><\/h2>\n\n\n\n<p>Der Zweck, f\u00fcr den wir personenbezogene Daten sammeln und verwenden, ist wie folgt.<\/p>\n\n\n\n<ol class=\"wp-block-list\">\n<li>Um unsere Dienstleistungen zu erbringen und zu betreiben<\/li>\n\n\n\n<li>Um auf Anfragen von Benutzern zu antworten (einschlie\u00dflichIdentit\u00e4tspr\u00fcfung)<\/li>\n\n\n\n<li>Zum Senden von E-Mails \u00fcber neue Funktionen,Aktualisierungsinformationen, Kampagnen usw. des Dienstes, den der Benutzer nutzt, und andere vom Unternehmen bereitgestellte Dienste<\/li>\n\n\n\n<li>Um Sie bei Bedarf zu kontaktieren, wie z.B. Wartung und wichtige Hinweise<\/li>\n\n\n\n<li>Um Benutzer zu identifizieren, die gegen die Nutzungsbedingungen versto\u00dfen, und Benutzer, die den Dienst f\u00fcr nicht autorisierte oder unfaire Zwecke nutzen m\u00f6chten und sich weigern, ihn zu nutzen<\/li>\n\n\n\n<li>Damit Benutzer ihre eigenen Registrierungsinformationen anzeigen, \u00e4ndern, l\u00f6schen und anzeigen k\u00f6nnen<\/li>\n\n\n\n<li>Um Benutzern Nutzungsgeb\u00fchren in kostenpflichtigen Diensten in Rechnung zu stellen<\/li>\n\n\n\n<li>Zwecke, die mit dem oben genannten Verwendungszweck verbunden sind<\/li>\n<\/ol>\n\n\n\n<h2 class=\"wp-block-heading\"><strong>Artikel 4 (\u00c4nderung des Verwendungszwecks)<\/strong><\/h2>\n\n\n\n<ol class=\"wp-block-list\">\n<li>Das Unternehmen \u00e4ndert den Zweck der Verwendung personenbezogener Daten nur, wenn vern\u00fcnftigerweise anerkannt wird, dass der Zweck der Nutzung vor der \u00c4nderung in Zusammenhang steht.<\/li>\n\n\n\n<li>Im Falle einer \u00c4nderung des Verwendungszwecks wird der ge\u00e4nderte Zweck dem Benutzer mitgeteilt oder auf dieser Website nach der vom Unternehmen vorgeschriebenen Methode bekannt gegeben.<\/li>\n<\/ol>\n\n\n\n<h2 class=\"wp-block-heading\"><strong>Artikel 5 (Bereitteilung personenbezogener Daten an Dritte)<\/strong><\/h2>\n\n\n\n<ol class=\"wp-block-list\">\n<li>Au\u00dfer in den folgenden F\u00e4llen werden wir keine personenbezogenen Daten an Dritte weitergeben, ohne die vorherige Zustimmung des Benutzers einzuholen. Es sei denn, dies ist durch das Gesetz zum Schutz personenbezogener Daten oder andere Gesetze und Vorschriften zul\u00e4ssig.\n<ul class=\"wp-block-list\">\n<li>Wenn es f\u00fcr den Schutz des menschlichen Lebens, K\u00f6rpersoder Eigentums notwendig ist und es schwierig ist, dieZustimmung der Person einzuholen<\/li>\n\n\n\n<li>Wenn es besonders notwendig ist, die \u00f6ffentlicheGesundheit zu verbessern oder eine gesunde Entwicklung von Kindern zu f\u00f6rdern, und es schwierig ist, die Zustimmung der Person einzuholen<\/li>\n\n\n\n<li>Wenn es notwendig ist, mit einer nationalen Institution oder einer lokalen \u00f6ffentlichen Einrichtung oder einer von ihr betrauten Person zusammenzuarbeiten, die in Gesetzen und Vorschriften festgelegten Angelegenheiten auszuf\u00fchren, und die Gefahr besteht, die Ausf\u00fchrung der Angelegenheiten durch Einholung der Zustimmung der Person zu beeintr\u00e4chtigen<\/li>\n\n\n\n<li>Wenn die folgenden Angelegenheiten im Voraus angek\u00fcndigt oder bekannt gegeben werden und wenn wir den Ausschuss f\u00fcr den Schutz personenbezogener Daten benachrichtigen \u3000\u3000\u3000\u3000\u3000\u3000\u3000\u3000\u3000\u3000\u3000\u3000\u3000\u3000\u3000\u3000\u3000\u3000\u3000\u3000\u3000\u3000\u3000\u3000\u3000\u3000\u3000\u3000\u3000\u3000\u3000\u3000\u30001. Einschlie\u00dflich Bereitstellung f\u00fcr Dritte zum Zwecke derNutzung<br>2. Daten, die Dritten zur Verf\u00fcgung gestellt werden<br>3. Mittel oder Methoden der Bereitstellung an Dritte<br>4. Um die Bereitstellung personenbezogener Daten anDritte auf Anfrage der Person einzustellen 5. Wie man die Anfrage der Person akzeptiert<\/li>\n<\/ul>\n<\/li>\n\n\n\n<li>Ungeachtet der Bestimmungen des vorstehenden Absatzes f\u00e4llt der Anbieter der Informationen in den folgenden F\u00e4llen nicht unter den Dritten.\n<ul class=\"wp-block-list\">\n<li>Wenn wir den Umgang mit personenbezogenen Daten ganzoder teilweise im Rahmen des Umfangs anvertrauen, der zurErreichung des Nutzungszwecks erforderlich ist<\/li>\n\n\n\n<li>Wenn personenbezogene Daten zusammen mit derNachfolge des Unternehmens aufgrund einer Fusion oderanderer Gr\u00fcnde zur Verf\u00fcgung gestellt werden<\/li>\n\n\n\n<li>Wenn personenbezogene Daten gemeinsam mit einerbestimmten Person verwendet werden, zu diesem Zweck und die Elemente der personenbezogenen Daten, die gemeinsam verwendet werden sollen, der Umfang der Person, die sie gemeinsam verwendet, der Zweck der Nutzung des Benutzers und der Name der Person, die f\u00fcr die Verwaltung der personenbezogenen Daten verantwortlich ist Oder wenn Sie die Person im Voraus \u00fcber den Namen informieren oder ihn in einen Zustand bringen, in dem die Person es leicht wissen kann<\/li>\n<\/ul>\n<\/li>\n<\/ol>\n\n\n\n<h2 class=\"wp-block-heading\"><strong>Artikel 6 (Offenlegung personenbezogener Daten)<\/strong><\/h2>\n\n\n\n<ol class=\"wp-block-list\">\n<li>Wenn wir von der Person aufgefordert werden, personenbezogene Daten offenzulegen, werden wir diese unverz\u00fcglich an die Person weitergeben. Wenn Sie jedoch durch Offenlegung unter eine der folgenden Punkte fallen, d\u00fcrfen Sie nicht ganz oder teilweise offenlegen, und wenn Sie sich entscheiden, es nicht offenzulegen, werden wir Sie unverz\u00fcglich benachrichtigen. Dar\u00fcber hinaus wird bei der Offenlegung personenbezogener Daten eine Geb\u00fchr von 1.000 Yen pro Fall erhoben.\n<ul class=\"wp-block-list\">\n<li>Wenn die Gefahr besteht, das Leben, den K\u00f6rper, dasEigentum oder andere Rechte und Interessen der Personoder eines Dritten zu sch\u00e4digen<\/li>\n\n\n\n<li>Wenn die Gefahr einer erheblichen Hemmnis f\u00fcr dieordnungsgem\u00e4\u00dfe Umsetzung unseres Gesch\u00e4fts besteht<\/li>\n\n\n\n<li>Im Falle eines Versto\u00dfes gegen andere Gesetze undVorschriften<\/li>\n<\/ul>\n<\/li>\n\n\n\n<li>Ungeachtet der Bestimmungen des vorstehenden Absatzeswerden andere Informationen als personenbezogene Informationen wie historische Informationen und charakteristische Informationen grunds\u00e4tzlich nicht offengelegt.<\/li>\n<\/ol>\n\n\n\n<h2 class=\"wp-block-heading\"><strong>Artikel 7 (Korrektur und L\u00f6schung personenbezogener Daten)<\/strong><\/h2>\n\n\n\n<ol class=\"wp-block-list\">\n<li>Wenn die vom Unternehmen gehaltenen personenbezogenen Daten des Benutzers falsche Informationen sind, wird der Benutzer personenbezogene Daten gem\u00e4\u00df den vom Unternehmen festgelegten Verfahren (im Folgenden als &#8220;Korrektur usw.&#8221; bezeichnet) korrigieren, hinzuf\u00fcgen oder l\u00f6schen. Sie k\u00f6nnen anfordern.<\/li>\n\n\n\n<li>Wenn wir die Anfrage im vorherigen Absatz vom Benutzer erhalten und feststellen, dass es notwendig ist, auf die Anfrage zu antworten, werden wir die personenbezogenen Daten unverz\u00fcglich korrigieren.<\/li>\n\n\n\n<li>Wenn wir eine Korrektur auf der Grundlage der Bestimmungen des vorstehenden Absatzes vornehmen oder wenn wir uns entscheiden, keine Korrektur vorzunehmen usw., werden wir den Benutzer unverz\u00fcglich benachrichtigen.<\/li>\n<\/ol>\n\n\n\n<h2 class=\"wp-block-heading\"><strong>Artikel 8 (Aussetzung der Verwendung personenbezogener Daten usw.)<\/strong><\/h2>\n\n\n\n<ol class=\"wp-block-list\">\n<li>Das Unternehmen setzt die Verwendung personenbezogener Daten der Person selbst aus oder l\u00f6scht sie mit der Begr\u00fcndung, dass sie \u00fcber den Geltungsbereich des Nutzungszwecks hinausgeht oder dass sie mit betr\u00fcgerischen Mitteln erworben wurden (im Folgenden als &#8220;Aussetzung der Nutzung usw. bezeichnet). Auf Anfrage werden wir die notwendigen Untersuchungen unverz\u00fcglich durchf\u00fchren.<\/li>\n\n\n\n<li>Auf der Grundlage der Umfrageergebnisse des vorstehenden Absatzes werden wir, wenn wir feststellen, dass es notwendig ist, auf die Anfrage zu antworten, die Verwendung der personenbezogenen Daten unverz\u00fcglich aussetzen.<\/li>\n\n\n\n<li>Wenn wir die Nutzung gem\u00e4\u00df den Bestimmungen des vorstehenden Absatzes aussetzen oder wenn wir uns entscheiden, die Nutzung usw. nicht auszusetzen, werden wir den Benutzer unverz\u00fcglich benachrichtigen.<\/li>\n\n\n\n<li>Unabh\u00e4ngig von den beiden vorstehenden Abs\u00e4tzen, wenn es einen hohen Kostenbetrag f\u00fcr die Aussetzung der Nutzung usw. gibt, oder wenn es schwierig ist, die Nutzung auszusetzen usw., und wenn Sie alternative Ma\u00dfnahmen ergreifen k\u00f6nnen, die notwendig sind, um die Rechte und Interessen der Nutzer zu sch\u00fctzen, werden diese alternativen Ma\u00dfnahmen ergriffen. Ich werde es tun.<\/li>\n<\/ol>\n\n\n\n<h2 class=\"wp-block-heading\"><strong>Artikel 9 (\u00c4nderung der Datenschutzrichtlinie)<\/strong><\/h2>\n\n\n\n<ol class=\"wp-block-list\">\n<li>Der Inhalt dieser Richtlinie kann ge\u00e4ndert werden, ohne den Benutzer zu benachrichtigen, mit Ausnahme von Gesetzen und Vorschriften und anderen Angelegenheiten, die anderweitig in dieser Richtlinie festgelegt sind.<\/li>\n\n\n\n<li>Sofern vom Unternehmen nicht anders angegeben, wird die ge\u00e4nderte Datenschutzrichtlinie ab dem Zeitpunkt wirksam, an dem sie auf dieser Website ver\u00f6ffentlicht wird.<\/li>\n<\/ol>\n\n\n\n<h2 class=\"wp-block-heading\"><strong>Artikel 10 (Anfragefenster)<\/strong><\/h2>\n\n\n\n<ol class=\"wp-block-list\" start=\"0\">\n<li>F\u00fcr Anfragen zu dieser Richtlinie wenden Sie sich bitte an das folgende Fenster.<br>Firmenname: Morningstar LLC<br>E-Mail-Adresse: info@morningstar-net.com<\/li>\n<\/ol>\n\n\n\n<p class=\"has-text-align-right\">oben<\/p>\n","protected":false},"excerpt":{"rendered":"<p>Morningstar LLC (im Folgenden als &#8220;unser Unternehmen&#8221; bezeichnet) ist ein Dienst, der auf dieser W &hellip; <\/p>\n<p class=\"link-more\"><a href=\"https:\/\/www.morningstar-net.com\/?page_id=57&#038;lang=de\" class=\"more-link\"><span class=\"screen-reader-text\">&#8220;DATENSCHUTZERKL\u00c4RUNG&#8221; \u306e<\/span>\u7d9a\u304d\u3092\u8aad\u3080<\/a><\/p>\n","protected":false},"author":1,"featured_media":0,"parent":0,"menu_order":0,"comment_status":"closed","ping_status":"closed","template":"","meta":{"footnotes":""},"class_list":["post-57","page","type-page","status-publish","hentry"],"_links":{"self":[{"href":"https:\/\/www.morningstar-net.com\/index.php?rest_route=\/wp\/v2\/pages\/57","targetHints":{"allow":["GET"]}}],"collection":[{"href":"https:\/\/www.morningstar-net.com\/index.php?rest_route=\/wp\/v2\/pages"}],"about":[{"href":"https:\/\/www.morningstar-net.com\/index.php?rest_route=\/wp\/v2\/types\/page"}],"author":[{"embeddable":true,"href":"https:\/\/www.morningstar-net.com\/index.php?rest_route=\/wp\/v2\/users\/1"}],"replies":[{"embeddable":true,"href":"https:\/\/www.morningstar-net.com\/index.php?rest_route=%2Fwp%2Fv2%2Fcomments&post=57"}],"version-history":[{"count":1,"href":"https:\/\/www.morningstar-net.com\/index.php?rest_route=\/wp\/v2\/pages\/57\/revisions"}],"predecessor-version":[{"id":59,"href":"https:\/\/www.morningstar-net.com\/index.php?rest_route=\/wp\/v2\/pages\/57\/revisions\/59"}],"wp:attachment":[{"href":"https:\/\/www.morningstar-net.com\/index.php?rest_route=%2Fwp%2Fv2%2Fmedia&parent=57"}],"curies":[{"name":"wp","href":"https:\/\/api.w.org\/{rel}","templated":true}]}}