{"id":48,"date":"2024-03-29T02:21:43","date_gmt":"2024-03-29T02:21:43","guid":{"rendered":"https:\/\/www.morningstar-net.com\/?page_id=48"},"modified":"2024-03-29T02:21:44","modified_gmt":"2024-03-29T02:21:44","slug":"informativa-sulla-privacy","status":"publish","type":"page","link":"https:\/\/www.morningstar-net.com\/?page_id=48&lang=it","title":{"rendered":"INFORMATIVA SULLA PRIVACY"},"content":{"rendered":"\n<p>Morningstar LLC (di seguito denominata &#8220;la nostra azienda&#8221;) \u00e8 un servizio fornito su questo sito web (di seguito denominato &#8220;questo servizio&#8221;) Per quanto riguarda la gestione delle informazioni personali dell&#8217;utente, la seguente politica sulla privacy (di seguito denominata &#8220;questa politica&#8221;) Lo imposter\u00f2.<\/p>\n\n\n\n<h2 class=\"wp-block-heading\">Articolo 1 (Informazioni personali)<\/h2>\n\n\n\n<p>&#8220;Informazioni personali&#8221; si riferisce alle &#8220;informazioni personali&#8221; di cui alla legge sulla protezione delle informazioni personali e sono informazioni su un individuo vivente e possono identificare un individuo specifico per nome, data di nascita, indirizzo, numero di telefono, informazioni di contatto e altre descrizioni incluse nelle informazioni. Si riferisce alle informazioni (informazioni di identificazione personale) che possono identificare un individuo specifico dalle sole informazioni, come informazioni e aspetto, impronte digitali, dati di impronte vocali e il numero di assicuratore della tessera di assicurazione sanitaria.<\/p>\n\n\n\n<h2 class=\"wp-block-heading\"><strong>Articolo 2 (Come raccogliere informazioni personali)<\/strong><\/h2>\n\n\n\n<p>Quando gli utenti si registrano per l&#8217;uso, potremmo chiedere informazioni personali come nome, data di nascita, indirizzo, numero di telefono, indirizzo e-mail, numero di conto bancario, numero di carta di credito, numero di patente di guida, ecc. Inoltre, informazioni sui registri delle transazioni e sui pagamenti, comprese le informazioni personali degli utenti tra utenti e partner, ecc., compresi i nostri partner (fornitori di informazioni, inserzionisti, distributori pubblicitari, ecc.). Quanto segue \u00e8 indicato come &#8220;partner&#8221;.) Pu\u00f2 essere raccolto da ecc.<\/p>\n\n\n\n<h2 class=\"wp-block-heading\"><strong>Articolo 3 (Scopo della raccolta e dell&#8217;utilizzo delle informazioni personali)<\/strong><\/h2>\n\n\n\n<p>Lo scopo per il quale raccogliamo e utilizziamo le informazioni personali \u00e8 il seguente.<\/p>\n\n\n\n<ol class=\"wp-block-list\">\n<li>Per fornire e gestire i nostri servizi<\/li>\n\n\n\n<li>Per rispondere alle richieste degli utenti (compresa la verifica dell&#8217;identit\u00e0)<\/li>\n\n\n\n<li>Per inviare e-mail su nuove funzionalit\u00e0, informazioni di aggiornamento, campagne, ecc. del servizio che l&#8217;utente sta utilizzando e di altri servizi forniti dalla Societ\u00e0<\/li>\n\n\n\n<li>Per contattarti se necessario, come la manutenzione e gli avvisi importanti<\/li>\n\n\n\n<li>Al fine di identificare gli utenti che violano le condizioni d&#8217;uso e gli utenti che vogliono utilizzare il servizio per scopi non autorizzati o ingiusti e si rifiutano di usarlo<\/li>\n\n\n\n<li>Per consentire agli utenti di visualizzare, modificare, eliminare e visualizzare le proprie informazioni di registrazione<\/li>\n\n\n\n<li>Al fine di addebitare agli utenti le tariffe di utilizzo nei servizi a pagamento<\/li>\n\n\n\n<li>Scopi associati allo scopo d&#8217;uso di cui sopra<\/li>\n<\/ol>\n\n\n\n<h2 class=\"wp-block-heading\"><strong>Articolo 4 (Modifica dello scopo d&#8217;uso)<\/strong><\/h2>\n\n\n\n<ol class=\"wp-block-list\">\n<li>La Societ\u00e0 cambier\u00e0 lo scopo dell&#8217;uso delle informazioni personali solo se \u00e8 ragionevolmente riconosciuto che lo scopo dell&#8217;uso \u00e8 correlato prima della modifica.<\/li>\n\n\n\n<li>In caso di modifica dello scopo di utilizzo, lo scopo modificato deve essere notificato all&#8217;utente o annunciato su questo sito web con il metodo prescritto dalla Societ\u00e0.<\/li>\n<\/ol>\n\n\n\n<h2 class=\"wp-block-heading\"><strong>Articolo 5 (Fornizione di informazioni personali a terzi)<\/strong><\/h2>\n\n\n\n<ol class=\"wp-block-list\">\n<li>Tranne nei seguenti casi, non forniremo informazioni personali a terzi senza ottenere in anticipo il consenso dell&#8217;utente. Tuttavia, a meno che non sia consentito dal Personal Information Protection Act o da altre leggi e regolamenti.\n<ul class=\"wp-block-list\">\n<li>Quando \u00e8 necessario per la protezione della vita, del corpo o della propriet\u00e0 umana, ed \u00e8 difficile ottenere il consenso della persona<\/li>\n\n\n\n<li>Quando \u00e8 particolarmente necessario per il miglioramento della salute pubblica o la promozione di uno sviluppo sano dei bambini, ed \u00e8 difficile ottenere il consenso della persona<\/li>\n\n\n\n<li>Quando \u00e8 necessario cooperare con un&#8217;istituzione nazionale o un ente pubblico locale o una persona da essa incaricata di svolgere gli affari previsti da leggi e regolamenti, e c&#8217;\u00e8 il rischio di interferire con l&#8217;esecuzione degli affari ottenendo il consenso della persona<\/li>\n\n\n\n<li>Quando le seguenti questioni sono annunciate o annunciate in anticipo e quando informiamo il Comitato per la protezione delle informazioni personali<br>1. Compresa la fornitura a terzi a scopo di utilizzo\u3000\u3000\u3000\u3000\u3000\u3000\u3000\u3000\u3000\u3000\u3000\u3000\u3000\u3000\u3000\u3000\u3000\u30002. Elementi di dati forniti a terzi<br>3. Mezzi o metodi di fornitura a terzi<br>4. Smettere di fornire informazioni personali a terzi surichiesta della persona<br>5. Come accettare la richiesta della persona<\/li>\n<\/ul>\n<\/li>\n\n\n\n<li>Nonostante le disposizioni del paragrafo precedente, nei casi seguenti, il fornitore delle informazioni non rientra nella parte terza.\n<ul class=\"wp-block-list\">\n<li>Quando affidiamo tutto o parte della gestione delleinformazioni personali nell&#8217;ambito necessario perraggiungere lo scopo dell&#8217;uso<\/li>\n\n\n\n<li>Quando le informazioni personali vengono fornite insiemealla successione dell&#8217;attivit\u00e0 a causa di una fusione o di altrimotivi<\/li>\n\n\n\n<li>Quando le informazioni personali vengono utilizzatecongiuntamente con una persona specifica, a tal fine e gli elementi di informazioni personali da utilizzare congiuntamente, la portata della persona che le utilizza congiuntamente, lo scopo di utilizzo dell&#8217;utente e il nome della persona responsabile della gestione delle informazioni personali O se si notifica alla persona in anticipo il nome, o lo si mette in uno stato in cui la persona pu\u00f2 facilmente sapere<\/li>\n<\/ul>\n<\/li>\n<\/ol>\n\n\n\n<h2 class=\"wp-block-heading\"><strong>Articolo 6 (Divulgazione delle informazioni personali)<\/strong><\/h2>\n\n\n\n<ol class=\"wp-block-list\">\n<li>Quando ci viene chiesto di divulgare le informazioni personali dalla persona, le divulgheremo alla persona senza indugio. Tuttavia, se rientri in una delle seguenti condizioni per divulgazione, non puoi divulgare tutto o parte di esso, e se decidi di non divulgarlo, ti informeremo senza indugio. Inoltre, quando si divulgano informazioni personali, verr\u00e0 addebitata una commissione di 1.000 yen per caso.\n<ul class=\"wp-block-list\">\n<li>Quando c&#8217;\u00e8 il rischio di danneggiare la vita, il corpo, la propriet\u00e0 o altri diritti e interessi della persona o di terzi<\/li>\n\n\n\n<li>Se c&#8217;\u00e8 il rischio di un ostacolo significativo alla correttaattuazione della nostra attivit\u00e0<\/li>\n\n\n\n<li>In caso di violazione di altre leggi e regolamenti<\/li>\n<\/ul>\n<\/li>\n\n\n\n<li>Nonostante le disposizioni del paragrafo precedente, le informazioni diverse dalle informazioni personali come le informazioni storiche e le informazioni caratteristiche non saranno divulgate in linea di principio.<\/li>\n<\/ol>\n\n\n\n<h2 class=\"wp-block-heading\"><strong>Articolo 7 (Correzione e cancellazione delle informazioni personali)<\/strong><\/h2>\n\n\n\n<ol class=\"wp-block-list\">\n<li>Se le informazioni personali dell&#8217;utente detenute dalla Societ\u00e0 sono informazioni errate, l&#8217;utente corregger\u00e0, aggiunger\u00e0 o canceller\u00e0 le informazioni personali alla Societ\u00e0 secondo le procedure stabilite dalla Societ\u00e0 (di seguito denominato &#8220;correzione, ecc.&#8221;) Puoi richiedere.<\/li>\n\n\n\n<li>Se riceviamo la richiesta nel paragrafo precedente dall&#8217;utente e determiniamo che \u00e8 necessario rispondere alla richiesta, correggeremo le informazioni personali senza indugio.<\/li>\n\n\n\n<li>Se facciamo una correzione in base alle disposizioni del paragrafo precedente, o se decidiamo di non apportare una correzione, ecc., informeremo l&#8217;utente senza indugio.<\/li>\n<\/ol>\n\n\n\n<h2 class=\"wp-block-heading\"><strong>Articolo 8 (Sospensione dell&#8217;uso delle informazioni personali, ecc.)<\/strong><\/h2>\n\n\n\n<ol class=\"wp-block-list\">\n<li>La Societ\u00e0 sospende o cancella l&#8217;uso delle informazioni personali della persona stessa sulla base del fatto che sono gestite oltre l&#8217;ambito dello scopo dell&#8217;uso o che sono state acquisite con mezzi fraudolenti (di seguito denominate &#8220;sospensione dell&#8217;uso, ecc.&#8221;) Se richiesto, condurremo le indagini necessarie senza indugio.<\/li>\n\n\n\n<li>Sulla base dei risultati del sondaggio del paragrafo precedente, se determiniamo che \u00e8 necessario rispondere alla richiesta, sospenderemo l&#8217;uso delle informazioni personali senza indugio. <\/li>\n\n\n\n<li>Se sospendiamo l&#8217;uso in conformit\u00e0 con le disposizioni del paragrafo precedente, o quando decidiamo di non sospendere l&#8217;uso, ecc., informeremo l&#8217;utente senza indugio. <\/li>\n\n\n\n<li>Indipendentemente dai due paragrafi precedenti, se c&#8217;\u00e8 una grande quantit\u00e0 di costi per la sospensione dell&#8217;uso, ecc., o se \u00e8 difficile sospendere l&#8217;uso, ecc., e se \u00e8 possibile adottare le misure alternative necessarie per proteggere i diritti e gli interessi degli utenti, saranno adottate queste misure alternative. Lo far\u00f2.<\/li>\n<\/ol>\n\n\n\n<h2 class=\"wp-block-heading\"><strong>Articolo 9 (Modifica della politica sulla privacy)<\/strong><\/h2>\n\n\n\n<ol class=\"wp-block-list\">\n<li>Il contenuto di questa politica pu\u00f2 essere modificato senza avvisare l&#8217;utente, ad eccezione delle leggi e dei regolamenti e di altre questioni altrimenti previste in questa politica.<\/li>\n\n\n\n<li>Salvo quanto diversamente specificato dalla Societ\u00e0, la politica sulla privacy modificata avr\u00e0 effetto dal momento in cui viene pubblicata su questo sito web.<\/li>\n<\/ol>\n\n\n\n<h2 class=\"wp-block-heading\"><strong>Articolo 10 (Finestra di richiesta)<\/strong><\/h2>\n\n\n\n<p>Per informazioni su questa politica, si prega di contattare la seguente finestra.<br>Nome dell&#8217;azienda: Morningstar LLC<br>Indirizzo e-mail: info@morningstar-net.com<\/p>\n\n\n\n<p class=\"has-text-align-right\">sopra<\/p>\n","protected":false},"excerpt":{"rendered":"<p>Morningstar LLC (di seguito denominata &#8220;la nostra azienda&#8221;) \u00e8 un servizio fornito su questo sito w &hellip; <\/p>\n<p class=\"link-more\"><a href=\"https:\/\/www.morningstar-net.com\/?page_id=48&#038;lang=it\" class=\"more-link\"><span class=\"screen-reader-text\">&#8220;INFORMATIVA SULLA PRIVACY&#8221; \u306e<\/span>\u7d9a\u304d\u3092\u8aad\u3080<\/a><\/p>\n","protected":false},"author":1,"featured_media":0,"parent":0,"menu_order":0,"comment_status":"closed","ping_status":"closed","template":"","meta":{"footnotes":""},"class_list":["post-48","page","type-page","status-publish","hentry"],"_links":{"self":[{"href":"https:\/\/www.morningstar-net.com\/index.php?rest_route=\/wp\/v2\/pages\/48","targetHints":{"allow":["GET"]}}],"collection":[{"href":"https:\/\/www.morningstar-net.com\/index.php?rest_route=\/wp\/v2\/pages"}],"about":[{"href":"https:\/\/www.morningstar-net.com\/index.php?rest_route=\/wp\/v2\/types\/page"}],"author":[{"embeddable":true,"href":"https:\/\/www.morningstar-net.com\/index.php?rest_route=\/wp\/v2\/users\/1"}],"replies":[{"embeddable":true,"href":"https:\/\/www.morningstar-net.com\/index.php?rest_route=%2Fwp%2Fv2%2Fcomments&post=48"}],"version-history":[{"count":1,"href":"https:\/\/www.morningstar-net.com\/index.php?rest_route=\/wp\/v2\/pages\/48\/revisions"}],"predecessor-version":[{"id":50,"href":"https:\/\/www.morningstar-net.com\/index.php?rest_route=\/wp\/v2\/pages\/48\/revisions\/50"}],"wp:attachment":[{"href":"https:\/\/www.morningstar-net.com\/index.php?rest_route=%2Fwp%2Fv2%2Fmedia&parent=48"}],"curies":[{"name":"wp","href":"https:\/\/api.w.org\/{rel}","templated":true}]}}